{"id":137,"date":"2025-12-03T12:45:59","date_gmt":"2025-12-03T11:45:59","guid":{"rendered":"https:\/\/www.nowa.wielopolesolectwo.pl\/?page_id=137"},"modified":"2025-12-04T10:06:08","modified_gmt":"2025-12-04T09:06:08","slug":"sklad-2","status":"publish","type":"page","link":"https:\/\/www.wielopolesolectwo.pl\/index.php\/sklad-2\/","title":{"rendered":"Sk\u0142ad"},"content":{"rendered":"<div class=\"et_pb_section_0 et_pb_section et_section_regular et_flex_section\">\n<div class=\"et_pb_row_0 et_pb_row et_flex_row preset--module--divi-row--1558413a-cabc-43ae-aee1-915e11673859\">\n<div class=\"et_pb_column_0 et_pb_column et-last-child et_flex_column et_pb_css_mix_blend_mode_passthrough et_flex_column_24_24 et_flex_column_24_24_tablet et_flex_column_24_24_phone\">\n<div class=\"et_pb_text_0 et_pb_text et_pb_bg_layout_light et_pb_module et_flex_module\"><div class=\"et_pb_text_inner\"><p><b>Lista cz\u0142onk\u00f3w Stowarzyszenia Rozwoju So\u0142ectwa Wielopole:<\/b><\/p>\n<ol>\n<li>Baran Beata<\/li>\n<li>Baran Kazimierz<\/li>\n<li>Baran Zofia<\/li>\n<li>Basta Zbigniew<\/li>\n<li>B\u0142aszczyk-Wietrzny Marta<\/li>\n<li>Borkowska Gra\u017cyna<\/li>\n<li>Cegie\u0142ka Leszek<\/li>\n<li>Currie Magdalena<\/li>\n<li>Currie Daniel<\/li>\n<li>\u0106wik Aleksandra<\/li>\n<li>Fa\u0142owska Ma\u0142gorzata<\/li>\n<li>Fa\u0142owski Stanis\u0142aw<\/li>\n<li>Fyda Krystyna<\/li>\n<li>G\u00f3ral Agata<\/li>\n<li>Izworska Yuliia<\/li>\n<li>Karol Krystyna<\/li>\n<li>Klimek Jan<\/li>\n<li>\u0141akomska Jolanta<\/li>\n<li>\u0141akomski Ryszard<\/li>\n<li>\u0141akomski Tomasz<\/li>\n<li>Ma\u0107kiewicz Janina<\/li>\n<li>Nowak Bo\u017cenna<\/li>\n<li>Nowak Edward<\/li>\n<li>Opalska Aleksandra<\/li>\n<li>Opalski Stefan<\/li>\n<li>Semla Teresa<\/li>\n<li>Starzyk Halina<\/li>\n<li>\u015alipek Jadwiga<\/li>\n<li>\u015alipek Krystyna<\/li>\n<li>\u015awierczewska-Lewczuk Jadwiga<\/li>\n<li>Turska Beata<\/li>\n<li>W\u00f3js Ma\u0142gorzata<\/li>\n<li>Zi\u00f3\u0142kowska Anna<\/li>\n<li>Zi\u00f3\u0142kowska Maria<\/li>\n<li>\u017beliszewska J\u00f3zefa<\/li>\n<\/ol>\n<p><b>Zarz\u0105d Stowarzyszenia:<\/b><span><\/span><\/p>\n<ul>\n<li>Stefan Opalski - prezes<\/li>\n<li>Janina Ma\u0107kiewicz - skarbnik<\/li>\n<li>Ryszard \u0141akomski - sekretarz<\/li>\n<\/ul>\n<p><b>Komisja Rewizyjna:<\/b><span><\/span><\/p>\n<ul>\n<li>Jadwiga \u015awierczewska-Lewczuk - przewodnicz\u0105ca komisji<\/li>\n<li>Anna Zi\u00f3\u0142kowska - cz\u0142onek komisji<\/li>\n<li>Gra\u017cyna Teresa Borkowska - cz\u0142onek komisji<\/li>\n<\/ul>\n<p>W celu pobrania Deklaracji ch\u0119ci wst\u0105pienia do Stowarzyszenia Rozwoju So\u0142ectwa Wielopole kliknij<span> tutaj:<a href=\"https:\/\/www.nowa.wielopolesolectwo.pl\/wp-content\/uploads\/2025\/12\/deklaracja.pdf\" rel=\"attachment wp-att-176\">deklaracja<\/a><\/span><a href=\"https:\/\/www.wielopolesolectwo.pl\/uchwaly\/deklaracja.pdf\"><span style=\"color: red;\">.<\/span><\/a><\/p>\n<p>Numer konta Stowarzyszenia:<span style=\"color: #ff66ff;\"><span>\u00a0<\/span>\u0141\u0105cki Bank Sp\u00f3\u0142dzielczy, 46 8805 0009 0045 0472 2000 0010<\/span><\/p>\n<p>Zgodnie ze Statutem Stowarzyszenia informujemy, \u017ce sk\u0142adki cz\u0142onkowskie wchodz\u0105 w sk\u0142ad maj\u0105tku Stowarzyszenia z przeznaczeniem na jego cele statutowe. Wysoko\u015b\u0107 sk\u0142adki wynosi 5 z\u0142. za miesi\u0105c od cz\u0142onka Stowarzyszenia. Sk\u0142adk\u0119 nale\u017cy wp\u0142aca\u0107 za okres od momentu wst\u0105pienia do Stowarzyszenia (np. dla cz\u0142onk\u00f3w za\u0142o\u017cycieli od miesi\u0105ca kwietnia w\u0142\u0105cznie). Istnieje mo\u017cliwo\u015b\u0107 wp\u0142aty sk\u0142adki za z g\u00f3ry okre\u015blony okres czasu tj. np. za kwarta\u0142, rok z g\u00f3ry<\/p>\n<\/div><\/div>\n<\/div>\n<\/div>\n<\/div>","protected":false},"excerpt":{"rendered":"","protected":false},"author":1,"featured_media":0,"parent":0,"menu_order":0,"comment_status":"closed","ping_status":"closed","template":"","meta":{"footnotes":""},"class_list":["post-137","page","type-page","status-publish","hentry"],"_links":{"self":[{"href":"https:\/\/www.wielopolesolectwo.pl\/index.php\/wp-json\/wp\/v2\/pages\/137","targetHints":{"allow":["GET"]}}],"collection":[{"href":"https:\/\/www.wielopolesolectwo.pl\/index.php\/wp-json\/wp\/v2\/pages"}],"about":[{"href":"https:\/\/www.wielopolesolectwo.pl\/index.php\/wp-json\/wp\/v2\/types\/page"}],"author":[{"embeddable":true,"href":"https:\/\/www.wielopolesolectwo.pl\/index.php\/wp-json\/wp\/v2\/users\/1"}],"replies":[{"embeddable":true,"href":"https:\/\/www.wielopolesolectwo.pl\/index.php\/wp-json\/wp\/v2\/comments?post=137"}],"version-history":[{"count":4,"href":"https:\/\/www.wielopolesolectwo.pl\/index.php\/wp-json\/wp\/v2\/pages\/137\/revisions"}],"predecessor-version":[{"id":177,"href":"https:\/\/www.wielopolesolectwo.pl\/index.php\/wp-json\/wp\/v2\/pages\/137\/revisions\/177"}],"wp:attachment":[{"href":"https:\/\/www.wielopolesolectwo.pl\/index.php\/wp-json\/wp\/v2\/media?parent=137"}],"curies":[{"name":"wp","href":"https:\/\/api.w.org\/{rel}","templated":true}]}}