{"id":146,"date":"2025-12-03T12:48:39","date_gmt":"2025-12-03T11:48:39","guid":{"rendered":"https:\/\/www.nowa.wielopolesolectwo.pl\/?page_id=146"},"modified":"2025-12-08T08:16:45","modified_gmt":"2025-12-08T07:16:45","slug":"uchwaly-i-ich-realizacja","status":"publish","type":"page","link":"https:\/\/www.wielopolesolectwo.pl\/index.php\/uchwaly-i-ich-realizacja\/","title":{"rendered":"Uchwa\u0142y i ich realizacja"},"content":{"rendered":"<div class=\"et_pb_section_0 et_pb_section et_section_regular et_flex_section\">\n<div class=\"et_pb_row_0 et_pb_row et_flex_row preset--module--divi-row--1558413a-cabc-43ae-aee1-915e11673859\">\n<div class=\"et_pb_column_0 et_pb_column et-last-child et_flex_column et_pb_css_mix_blend_mode_passthrough et_flex_column_24_24 et_flex_column_24_24_tablet et_flex_column_24_24_phone\">\n<div class=\"et_pb_text_0 et_pb_text et_pb_bg_layout_light et_pb_module et_flex_module\"><div class=\"et_pb_text_inner\"><h2>Sprawozdania finansowe<\/h2>\n<ul>\n<li><a href=\"https:\/\/www.wielopolesolectwo.pl\/other\/sprawozdanie%20merytoryczne%20za%202019.pdf\">Roczne uproszczone sprawozdanie merytoryczne z dzia\u0142alno\u015bci organizacji po\u017cytku publicznego za rok 2019<\/a><\/li>\n<li><a href=\"https:\/\/www.wielopolesolectwo.pl\/other\/e-sprawozdanie%20finansowe%20za%202019.pdf\">e-Sprawozdanie finansowe JPK_SF za rok 2019<\/a><\/li>\n<\/ul>\n<h2>Uchwa\u0142y<\/h2>\n<ul>\n<li><a href=\"https:\/\/www.wielopolesolectwo.pl\/uchwaly\/uchwala_1_2016_z_dnia_14_01_2016.pdf\">UCHWA\u0141A i Protok\u00f3\u0142 nr 1 Zarz\u0105du Stowarzyszenia Rozwoju So\u0142ectwa Wielopole z dnia 14 stycznia 2016 r.<\/a><\/li>\n<li><a href=\"https:\/\/www.wielopolesolectwo.pl\/uchwaly\/uchwala_2_2016_z_dnia_12_02_2016.pdf\">UCHWA\u0141A i Protok\u00f3\u0142 nr 2 Zarz\u0105du Stowarzyszenia Rozwoju So\u0142ectwa Wielopole z dnia 12 lutego 2016 r.<\/a><\/li>\n<li><a href=\"https:\/\/www.wielopolesolectwo.pl\/uchwaly\/uchwala_3_2016_z_dnia_3_05_2016.pdf\">UCHWA\u0141A i Protok\u00f3\u0142 nr 3 Zarz\u0105du Stowarzyszenia Rozwoju So\u0142ectwa Wielopole z dnia 3 maja 2016 r.<\/a><\/li>\n<li><a href=\"https:\/\/www.wielopolesolectwo.pl\/uchwaly\/uchwala_4_2016_z_dnia_28_06_2016.pdf\">UCHWA\u0141A i Protok\u00f3\u0142 nr 4 Zarz\u0105du Stowarzyszenia Rozwoju So\u0142ectwa Wielopole z dnia 28 czerwca 2016 r.<\/a><\/li>\n<li><a href=\"https:\/\/www.wielopolesolectwo.pl\/uchwaly\/uchwala_5_2016_z_dnia_8_07_2016.pdf\">UCHWA\u0141A i Protok\u00f3\u0142 nr 5 Zarz\u0105du Stowarzyszenia Rozwoju So\u0142ectwa Wielopole z dnia 8 lipca 2016 r.<\/a><\/li>\n<li><a href=\"https:\/\/www.wielopolesolectwo.pl\/uchwaly\/uchwala_6_2016_z_dnia_26_08_2016.pdf\">UCHWA\u0141A i Protok\u00f3\u0142 nr 6 Zarz\u0105du Stowarzyszenia Rozwoju So\u0142ectwa Wielopole z dnia 26 sierpnia 2016 r.<\/a><\/li>\n<li><a href=\"https:\/\/www.wielopolesolectwo.pl\/uchwaly\/uchwala_7_2016_z_dnia_1_09_2016.pdf\">UCHWA\u0141A i Protok\u00f3\u0142 nr 7 Zarz\u0105du Stowarzyszenia Rozwoju So\u0142ectwa Wielopole z dnia 1 wrze\u015bnia 2016 r.<\/a><\/li>\n<li><a href=\"https:\/\/www.wielopolesolectwo.pl\/uchwaly\/uchwala_8_2016_z_dnia_30_09_2016.pdf\">UCHWA\u0141A i Protok\u00f3\u0142 nr 8 Zarz\u0105du Stowarzyszenia Rozwoju So\u0142ectwa Wielopole z dnia 30 wrze\u015bnia 2016 r.<\/a><\/li>\n<li><a href=\"https:\/\/www.wielopolesolectwo.pl\/uchwaly\/uchwala_9_2016_z_dnia_3_11_2016.pdf\">UCHWA\u0141A i Protok\u00f3\u0142 nr 9 Zarz\u0105du Stowarzyszenia Rozwoju So\u0142ectwa Wielopole z dnia 3 listopada 2016 r.<\/a><\/li>\n<li><a href=\"https:\/\/www.wielopolesolectwo.pl\/uchwaly\/uchwala_10_2016_z_dnia_8_11_2016.pdf\">UCHWA\u0141A i Protok\u00f3\u0142 nr 10 Zarz\u0105du Stowarzyszenia Rozwoju So\u0142ectwa Wielopole z dnia 8 listopada 2016 r.<\/a><\/li>\n<li><a href=\"https:\/\/www.wielopolesolectwo.pl\/uchwaly\/uchwala_11_2016_z_dnia_21_11_2016.pdf\">UCHWA\u0141A i Protok\u00f3\u0142 nr 11 Zarz\u0105du Stowarzyszenia Rozwoju So\u0142ectwa Wielopole z dnia 21 listopada 2016 r.<\/a><\/li>\n<\/ul>\n<ul>\n<li><a href=\"https:\/\/www.wielopolesolectwo.pl\/uchwaly\/UCHWALA_nr_1.2015.jpg\">UCHWA\u0141A nr 1 Zarz\u0105du Stowarzyszenia Rozwoju So\u0142ectwa Wielopole z dnia 9 stycznia 2015 r.<\/a><\/li>\n<li><a href=\"https:\/\/www.wielopolesolectwo.pl\/uchwaly\/UCHWALA_nr_2.2015.jpg\">UCHWA\u0141A i Protok\u00f3\u0142 nr 2 Zarz\u0105du Stowarzyszenia Rozwoju So\u0142ectwa Wielopole z dnia 17 stycznia 2015 r.<\/a><\/li>\n<li><a href=\"https:\/\/www.wielopolesolectwo.pl\/uchwaly\/UCHWALA_nr_3.2015.jpg\">UCHWA\u0141A nr 3 Zarz\u0105du Stowarzyszenia Rozwoju So\u0142ectwa Wielopole z dnia 9 kwietnia 2015 r.<\/a><\/li>\n<li><a href=\"https:\/\/www.wielopolesolectwo.pl\/uchwaly\/UCHWALA_nr_4.2015.jpg\">UCHWA\u0141A nr 4 Zarz\u0105du Stowarzyszenia Rozwoju So\u0142ectwa Wielopole z dnia 9 kwietnia 2015 r.<\/a><\/li>\n<li><a href=\"https:\/\/www.wielopolesolectwo.pl\/uchwaly\/UCHWALA_nr_5.2015.jpg\">UCHWA\u0141A nr 5 Zarz\u0105du Stowarzyszenia Rozwoju So\u0142ectwa Wielopole z dnia 16 kwietnia 2015 r.<\/a><\/li>\n<li><a href=\"https:\/\/www.wielopolesolectwo.pl\/uchwaly\/UCHWALA_nr_6.2015.jpg\">UCHWA\u0141A nr 6 Zarz\u0105du Stowarzyszenia Rozwoju So\u0142ectwa Wielopole z dnia 26 kwietnia 2015 r.<\/a><\/li>\n<li><a href=\"https:\/\/www.wielopolesolectwo.pl\/uchwaly\/UCHWALA_nr_7.2015.jpg\">UCHWA\u0141A nr 7 Zarz\u0105du Stowarzyszenia Rozwoju So\u0142ectwa Wielopole z dnia 25 maja 2015 r.<\/a><\/li>\n<li><a href=\"https:\/\/www.wielopolesolectwo.pl\/uchwaly\/UCHWALA_nr_8.2015.jpg\">UCHWA\u0141A nr 8 Zarz\u0105du Stowarzyszenia Rozwoju So\u0142ectwa Wielopole z dnia 29 czerwca 2015 r.<\/a><\/li>\n<li><a href=\"https:\/\/www.wielopolesolectwo.pl\/uchwaly\/UCHWALA_nr_9.2015.jpg\">UCHWA\u0141A nr 9 Zarz\u0105du Stowarzyszenia Rozwoju So\u0142ectwa Wielopole z dnia 6 siepnia 2015 r.<\/a><\/li>\n<li><a href=\"https:\/\/www.wielopolesolectwo.pl\/uchwaly\/UCHWALA_nr_10.2015.jpg\">UCHWA\u0141A nr 10 Zarz\u0105du Stowarzyszenia Rozwoju So\u0142ectwa Wielopole z dnia 15 sierpnia 2015 r.<\/a><\/li>\n<li><a href=\"https:\/\/www.wielopolesolectwo.pl\/uchwaly\/UCHWALA_nr_11.2015.jpg\">UCHWA\u0141A nr 11 Zarz\u0105du Stowarzyszenia Rozwoju So\u0142ectwa Wielopole z dnia 1 wrze\u015bnia 2015 r.<\/a><\/li>\n<li><a href=\"https:\/\/www.wielopolesolectwo.pl\/uchwaly\/UCHWALA_nr_12.2015.jpg\">UCHWA\u0141A nr 12 Zarz\u0105du Stowarzyszenia Rozwoju So\u0142ectwa Wielopole z dnia 3 grudnia 2015 r.<\/a><\/li>\n<\/ul>\n<ul>\n<li><a href=\"https:\/\/www.wielopolesolectwo.pl\/uchwaly\/UCHWALA_nr_1.2014.pdf\">UCHWA\u0141A nr 1 Zarz\u0105du Stowarzyszenia Rozwoju So\u0142ectwa Wielopole z dnia 06.03.2014 r.<\/a><\/li>\n<li><a href=\"https:\/\/www.wielopolesolectwo.pl\/uchwaly\/UCHWALA_nr_2.2014.pdf\">UCHWA\u0141A nr 2 Zarz\u0105du Stowarzyszenia Rozwoju So\u0142ectwa Wielopole z dnia 06.03.2014 r.<\/a><\/li>\n<li><a href=\"https:\/\/www.wielopolesolectwo.pl\/uchwaly\/UCHWALA_nr_3.2014.pdf\">UCHWA\u0141A nr 3 Zarz\u0105du Stowarzyszenia Rozwoju So\u0142ectwa Wielopole z dnia 28.03.2014 r.<\/a><\/li>\n<li><a href=\"https:\/\/www.wielopolesolectwo.pl\/uchwaly\/UCHWA%C5%81A_nr_4.2014.JPG\">UCHWA\u0141A nr 4 Zarz\u0105du Stowarzyszenia Rozwoju So\u0142ectwa Wielopole z dnia 19.07.2014 r.<\/a><\/li>\n<li><a href=\"https:\/\/www.wielopolesolectwo.pl\/uchwaly\/UCHWA%C5%81A_nr_5.2014.JPG\">UCHWA\u0141A nr 5 Zarz\u0105du Stowarzyszenia Rozwoju So\u0142ectwa Wielopole z dnia 16.09.2014 r.<\/a><\/li>\n<li><a href=\"https:\/\/www.wielopolesolectwo.pl\/uchwaly\/UCHWA%C5%81A_nr_6.2014.JPG\">UCHWA\u0141A nr 6 Zarz\u0105du Stowarzyszenia Rozwoju So\u0142ectwa Wielopole z dnia 16.03.2014 r.<\/a><\/li>\n<\/ul>\n<ul>\n<li><a href=\"https:\/\/www.wielopolesolectwo.pl\/uchwaly\/uchwala1.pdf\">UCHWA\u0141A nr 1 Zarz\u0105du Stowarzyszenia Rozwoju So\u0142ectwa Wielopole z dnia 12 lipca 2013 r.<\/a><\/li>\n<li><a href=\"https:\/\/www.wielopolesolectwo.pl\/uchwaly\/uchwala2.pdf\">UCHWA\u0141A nr 2 Zarz\u0105du Stowarzyszenia Rozwoju So\u0142ectwa Wielopole z dnia 28 lipca 2013 r.<\/a><\/li>\n<li><a href=\"https:\/\/www.wielopolesolectwo.pl\/uchwaly\/uchwala3.pdf\">UCHWA\u0141A nr 3 Zarz\u0105du Stowarzyszenia Rozwoju So\u0142ectwa Wielopole z dnia 30 sierpnia 2013 r.<\/a><\/li>\n<li><a href=\"https:\/\/www.wielopolesolectwo.pl\/uchwaly\/uchwala4.pdf\">UCHWA\u0141A nr 4 Zarz\u0105du Stowarzyszenia Rozwoju So\u0142ectwa Wielopole z dnia 19 wrze\u015bnia 2013 r.<\/a><\/li>\n<li><a href=\"https:\/\/www.wielopolesolectwo.pl\/uchwaly\/uchwala5.pdf\">UCHWA\u0141A nr 5 Zarz\u0105du Stowarzyszenia Rozwoju So\u0142ectwa Wielopole z dnia 5 grudnia 2013 r.<\/a><\/li>\n<li><a href=\"https:\/\/www.wielopolesolectwo.pl\/uchwaly\/uchwala6.JPG\">UCHWA\u0141A nr 6 Zarz\u0105du Stowarzyszenia Rozwoju So\u0142ectwa Wielopole z dnia 30 grudnia 2013 r.<\/a><\/li>\n<\/ul>\n<h2>Protoko\u0142y<\/h2>\n<ul>\n<li><a href=\"https:\/\/www.wielopolesolectwo.pl\/uchwaly\/protokol_06_03.pdf\">Protok\u00f3\u0142 nr 1\/2014 z posiedzenia Zarz\u0105du Stowarzyszenia Rozwoju So\u0142ectwa Wielopole z dnia 06.03.2014 r.<\/a><\/li>\n<li><a href=\"https:\/\/www.wielopolesolectwo.pl\/uchwaly\/protokol_19_03.pdf\">Protok\u00f3\u0142 nr 2\/2014 z posiedzenia Zarz\u0105du Stowarzyszenia Rozwoju So\u0142ectwa Wielopole z dnia 19.03.2014 r.<\/a><\/li>\n<li><a href=\"https:\/\/www.wielopolesolectwo.pl\/uchwaly\/protokol_20_03.pdf\">Protok\u00f3\u0142 Walnego Zgromadzenia cz\u0142onk\u00f3w Stowarzyszenia Rozwouju So\u0142ectwa obraduj\u0105cego w dniu 20 marca 2014 r. w Wielopolu<\/a><\/li>\n<li><a href=\"https:\/\/www.wielopolesolectwo.pl\/uchwaly\/protokol_28_03.pdf\">Protok\u00f3\u0142 nr 3\/2014 z posiedzenia Zarz\u0105du Stowarzyszenia Rozwoju So\u0142ectwa Wielopole z dnia 28.03.2014 r.<\/a><\/li>\n<li><a href=\"https:\/\/www.wielopolesolectwo.pl\/uchwaly\/protokol_4_2014.JPG\">Protok\u00f3\u0142 nr 4\/2014 z posiedzenia Zarz\u0105du Stowarzyszenia Rozwoju So\u0142ectwa Wielopole z dnia 09.07.2014 r<\/a><\/li>\n<li><a href=\"https:\/\/www.wielopolesolectwo.pl\/uchwaly\/protokol_5_2014.JPG\">Protok\u00f3\u0142 nr 5\/2014 z posiedzenia Zarz\u0105du Stowarzyszenia Rozwoju So\u0142ectwa Wielopole z dnia 28.08.2014 r.<\/a><\/li>\n<li><a href=\"https:\/\/www.wielopolesolectwo.pl\/uchwaly\/protokol_6_2014.JPG\">Protok\u00f3\u0142 nr 6\/2014 z posiedzenia Zarz\u0105du Stowarzyszenia Rozwoju So\u0142ectwa Wielopole z dnia 16.09.2014 r.<\/a><\/li>\n<\/ul>\n<ul>\n<li><a href=\"https:\/\/www.wielopolesolectwo.pl\/uchwaly\/protokol_01_2015.pdf\">Protok\u00f3\u0142 nr 1\/2015 z posiedzenia Zarz\u0105du Stowarzyszenia Rozwoju So\u0142ectwa Wielopole z dnia 09.01.2015 r.<\/a><\/li>\n<li><a href=\"https:\/\/www.wielopolesolectwo.pl\/uchwaly\/protokol_02_2015.pdf\">Protok\u00f3\u0142 nr 2\/2015 z posiedzenia Zarz\u0105du Stowarzyszenia Rozwoju So\u0142ectwa Wielopole z dnia 17.01.2015 r.<\/a><\/li>\n<li><a href=\"https:\/\/www.wielopolesolectwo.pl\/uchwaly\/protokol_12_03_2015.pdf\">Protok\u00f3\u0142 Walnego Zgromadzenia Cz\u0142onk\u00f3w Stowarzyszenia Rozwoju So\u0142ectwa Wielopole obraduj\u0105cego w dniu 12 marca 2015 r. w Wielopolu<\/a><\/li>\n<li><a href=\"https:\/\/www.wielopolesolectwo.pl\/uchwaly\/protokol_16_03_2024.pdf\">Protok\u00f3\u0142 Walnego Zgromadzenia Cz\u0142onk\u00f3w Stowarzyszenia Rozwoju So\u0142ectwa Wielopole obraduj\u0105cego w dniu 16 marca 2024 r. w Wielopolu<\/a><\/li>\n<\/ul>\n<h2>REGULAMIN ZARZ\u0104DU STOWARZYSZENIA ROZWOJU SO\u0141ECTWA WIELOPOLE<\/h2>\n<h2>REGULAMIN KOMISJI REWIZYJNEJ STOWARZYSZENIA ROZWOJU SO\u0141ECTWA WIELOPOLE<\/h2>\n<h2>Korespondencja Stowarzyszenia Rozwoju So\u0142ectwa Wielopole z Urz\u0119dami<\/h2>\n<h3><span style=\"color: red;\">Nasza opinia w sprawie konsultacji spo\u0142ecznych lokalnego programu rewitalizacji - ci\u0105g dalszy<\/span><\/h3>\n<ul>\n<li><a href=\"https:\/\/www.wielopolesolectwo.pl\/other\/konsultacje_skarga.pdf\">Skarga do Rady Gminy -<span>\u00a0<\/span><span style=\"color: red;\">nowe!<\/span><\/a><\/li>\n<\/ul>\n<h3><span style=\"color: red;\">Stanowisko zespo\u0142u w konsultacjach spo\u0142ecznych projektu statut\u00f3w so\u0142ectw - ci\u0105g dalszy<\/span><\/h3>\n<ul>\n<li><a href=\"http:\/\/wielopole.aq.pl\/other\/skarga_na_przewodniczacego.pdf\">Skarga na Rad\u0119 Gminy Che\u0142miec wys\u0142ana do Wojewody Ma\u0142opolskiego -<span>\u00a0<\/span><span style=\"color: red;\">nowe!<\/span><\/a><\/li>\n<li><a href=\"https:\/\/www.wielopolesolectwo.pl\/other\/skarga_statut.pdf\">Skarga do Wojew\u00f3dzkiego S\u0105du Administracyjnego w Krakowie -<span>\u00a0<\/span><span style=\"color: red;\">nowe!<\/span><\/a><\/li>\n<\/ul>\n<h3>Nasza opinia w sprawie konsultacji spo\u0142ecznych \"Lokalnego Programu Rewitalizacji Gminy Che\u0142miec na lata 2016 - 2020\"<\/h3>\n<ul>\n<li><a href=\"https:\/\/www.wielopolesolectwo.pl\/uchwaly\/rewitalizacja_pismo_konsultacje.pdf\">Pismo do W\u00f3jta Gminy Che\u0142miec Pana Bernarda Stawiarskiego<\/a><\/li>\n<\/ul>\n<h3>Stanowisko naszego zespo\u0142u w konsultacjach spo\u0142ecznych projektu \"Programu wsp\u00f3\u0142pracy gminy Che\u0142miec z organizacjami samorz\u0105dowymi na rok 2017\"<\/h3>\n<ul>\n<li><a href=\"https:\/\/www.wielopolesolectwo.pl\/uchwaly\/opublikowane_wyniki_konsultacji_wiadomosc_na_stronie_Gminy.pdf\">Wyniki konsultacji spo\u0142ecznych \"Programu konsultacji spo\u0142ecznych \"Programu wsp\u00f3\u0142pracu Gminy Che\u0142miec z organizacjami pozarz\u0105dowymi na rok 2017\"<\/a><\/li>\n<li><a href=\"https:\/\/www.wielopolesolectwo.pl\/uchwaly\/nasze_stanowisko_w_konsultacjach.pdf\">Nasze stanowisko w konsultacjach<\/a><\/li>\n<li><a href=\"https:\/\/www.wielopolesolectwo.pl\/uchwaly\/porownanie_uwzglednionych_naszych_uwag_w_wersjiprzyjetej.pdf\">Por\u00f3wnanie uwzgl\u0119dnionych naszych uwag w wersji przyj\u0119tej<\/a><\/li>\n<\/ul>\n<h3>Stanowisko naszego zespo\u0142u w konsultacjach spo\u0142ecznych projektu statutu so\u0142ectw<\/h3>\n<ul>\n<li><a href=\"https:\/\/www.wielopolesolectwo.pl\/uchwaly\/porownanie_uwzglednienia_naszych_uwag_do_statutu_solectwa.pdf\">Por\u00f3wnanie uwglednienia naszych uwag do statutu so\u0142ectwa<\/a><\/li>\n<li><a href=\"https:\/\/www.wielopolesolectwo.pl\/uchwaly\/nasze_stanowisko_i_wnoiski_do_proj_statutu_Wielopola.pdf\">Nasze stanowisko i wnioski do projektowanego statutu Wielopola<\/a><\/li>\n<\/ul>\n<h3>Ogrodzenie \u015bwietlicy wiejskiej w Wielopolu<\/h3>\n<ul>\n<li><a href=\"https:\/\/www.wielopolesolectwo.pl\/uchwaly\/ogrodzenie_list.JPG\">Co dalej z budow\u0105 obiecanego ogrodzenia przed \u015bwietlic\u0105?<\/a><\/li>\n<\/ul>\n<h3>Przej\u015bcie dla pieszych przy oczyszczalni<\/h3>\n<ul>\n<li><a href=\"https:\/\/www.wielopolesolectwo.pl\/uchwaly\/przejscie.pdf\">Pro\u015bba So\u0142tysa wsi oraz mieszka\u0144c\u00f3w o wprowadzenie przej\u015bcia dla pieszych na drodze krajowej nr 75<\/a><\/li>\n<li><a href=\"https:\/\/www.wielopolesolectwo.pl\/uchwaly\/przejscie1.pdf\">Pismo Urz\u0119du Gminy oraz So\u0142tysa do Kierownika Rejonu Nowy S\u0105cz, GDDKiA w sprawie przej\u015bcia<\/a><\/li>\n<li><a href=\"https:\/\/www.wielopolesolectwo.pl\/uchwaly\/przejscie2.pdf\">Odpowied\u017a Kierownika rejonu GDDKiA, p. Tadeusza Pytko<\/a><\/li>\n<li><a href=\"https:\/\/www.wielopolesolectwo.pl\/uchwaly\/przejscie3.pdf\">Kolejne pismo, tym razem do Dyrektora GDDKiA o w Krakowie, p. Jacka Grygi<\/a><\/li>\n<\/ul>\n<h3>Bezpiecze\u0144stwo ruchu drogowego<\/h3>\n<ul>\n<li><a href=\"https:\/\/www.wielopolesolectwo.pl\/other\/BRD_w_Wielopolu_wojt.pdf\">Stan bezpiecze\u0144stwa ruchu drogowego w Wielopolu<\/a><\/li>\n<li><a href=\"https:\/\/www.wielopolesolectwo.pl\/uchwaly\/BRD_w_Wielopolu_odp.pdf\">Odpowied\u017a gminy w sprawie bezpiecze\u0144stwa ruchu drogowego w Wielopolu<\/a><\/li>\n<li><a href=\"https:\/\/www.wielopolesolectwo.pl\/uchwaly\/brd.pdf\">Wniosek o w\u0142a\u015bciwe wykonanie element\u00f3w organizacji ruchu oraz popraw\u0119 stanu bezpiecze\u0144stwa ruchu drogowego w naszej wsi<\/a><\/li>\n<li><a href=\"https:\/\/www.wielopolesolectwo.pl\/uchwaly\/odpowiedz_brd.pdf\">Odpowied\u017a Gminy na nasze pismo-wniosek o w\u0142a\u015bciwe wykonanie elem. organizacji ruchu<\/a><\/li>\n<\/ul>\n<h3>Budowa prog\u00f3w zwalniaj\u0105cych<\/h3>\n<ul>\n<li><a href=\"https:\/\/www.wielopolesolectwo.pl\/uchwaly\/progi.pdf\">Propozycja budowy prog\u00f3w zwalniaj\u0105cych ruch pojazd\u00f3w we wsi Wielopole<\/a><\/li>\n<li><a href=\"https:\/\/www.wielopolesolectwo.pl\/uchwaly\/progilist.pdf\">Odpowied\u017a Gminy w sprawie budowy prog\u00f3w zwalniaj\u0105cych ruch pojazd\u00f3w we wsi Wielopole<\/a><\/li>\n<li><a href=\"https:\/\/www.wielopolesolectwo.pl\/uchwaly\/progilist2.pdf\">Pismo do Gminy w sprawie odpowiedzi na Wniosek Stowarzyszenia o budow\u0119 prog\u00f3w zwalniaj\u0105cych ruch pojazd\u00f3w we wsi Wielopole<\/a><\/li>\n<li><a href=\"https:\/\/www.wielopolesolectwo.pl\/uchwaly\/progilist3.pdf\">Odpowied\u017a na kolejne Pismo Stowarzyszenia w sprawie prog\u00f3w zwalniaj\u0105cych<\/a><\/li>\n<\/ul>\n<h3>Monitoring w Wielopolu<\/h3>\n<ul>\n<li><a href=\"https:\/\/www.wielopolesolectwo.pl\/uchwaly\/kamery.pdf\">\"Monitoring wsi Wielopole - \u015bmieciom na drogach stop\"<\/a><\/li>\n<li><a href=\"https:\/\/www.wielopolesolectwo.pl\/uchwaly\/kamery1.pdf\">Pismo do W\u00f3jta Gminy, z pro\u015bb\u0105 o ustosunkowanie si\u0119 do inicjatywy Stowarzyszenia w sprawie monitoringu<\/a><\/li>\n<li><a href=\"https:\/\/www.wielopolesolectwo.pl\/uchwaly\/kamery2.pdf\">Odpowied\u017a Gminy na Pismo w sprawie monitoringu<\/a><\/li>\n<li><a href=\"https:\/\/www.wielopolesolectwo.pl\/uchwaly\/kamery3.pdf\">Kolejne pismo do W\u00f3jta Gminy, Bernarda Stawiarskiego w sprawie monitoringu<\/a><\/li>\n<li><a href=\"https:\/\/www.wielopolesolectwo.pl\/uchwaly\/kamery4.pdf\">Odpowied\u017a W\u00f3jta Gminy<\/a><\/li>\n<\/ul>\n<\/div><\/div>\n<\/div>\n<\/div>\n<\/div>","protected":false},"excerpt":{"rendered":"","protected":false},"author":1,"featured_media":0,"parent":0,"menu_order":0,"comment_status":"closed","ping_status":"closed","template":"","meta":{"footnotes":""},"class_list":["post-146","page","type-page","status-publish","hentry"],"_links":{"self":[{"href":"https:\/\/www.wielopolesolectwo.pl\/index.php\/wp-json\/wp\/v2\/pages\/146","targetHints":{"allow":["GET"]}}],"collection":[{"href":"https:\/\/www.wielopolesolectwo.pl\/index.php\/wp-json\/wp\/v2\/pages"}],"about":[{"href":"https:\/\/www.wielopolesolectwo.pl\/index.php\/wp-json\/wp\/v2\/types\/page"}],"author":[{"embeddable":true,"href":"https:\/\/www.wielopolesolectwo.pl\/index.php\/wp-json\/wp\/v2\/users\/1"}],"replies":[{"embeddable":true,"href":"https:\/\/www.wielopolesolectwo.pl\/index.php\/wp-json\/wp\/v2\/comments?post=146"}],"version-history":[{"count":4,"href":"https:\/\/www.wielopolesolectwo.pl\/index.php\/wp-json\/wp\/v2\/pages\/146\/revisions"}],"predecessor-version":[{"id":522,"href":"https:\/\/www.wielopolesolectwo.pl\/index.php\/wp-json\/wp\/v2\/pages\/146\/revisions\/522"}],"wp:attachment":[{"href":"https:\/\/www.wielopolesolectwo.pl\/index.php\/wp-json\/wp\/v2\/media?parent=146"}],"curies":[{"name":"wp","href":"https:\/\/api.w.org\/{rel}","templated":true}]}}