{"id":150,"date":"2025-12-03T12:49:22","date_gmt":"2025-12-03T11:49:22","guid":{"rendered":"https:\/\/www.nowa.wielopolesolectwo.pl\/?page_id=150"},"modified":"2025-12-08T08:22:08","modified_gmt":"2025-12-08T07:22:08","slug":"galeria-2","status":"publish","type":"page","link":"https:\/\/www.wielopolesolectwo.pl\/index.php\/galeria-2\/","title":{"rendered":"Galeria"},"content":{"rendered":"<div class=\"et_pb_section_0 et_pb_section et_section_regular et_flex_section\">\n<div class=\"et_pb_row_0 et_pb_row et_flex_row preset--module--divi-row--1558413a-cabc-43ae-aee1-915e11673859\">\n<div class=\"et_pb_column_0 et_pb_column et-last-child et_flex_column et_pb_css_mix_blend_mode_passthrough et_flex_column_24_24 et_flex_column_24_24_tablet et_flex_column_24_24_phone\">\n<div class=\"et_pb_text_0 et_pb_text et_pb_bg_layout_light et_pb_module et_flex_module\"><div class=\"et_pb_text_inner\"><h1>Galeria - Wycieczka do Bochni -<span>\u00a0<\/span><a href=\"https:\/\/photos.app.goo.gl\/DW4IwiRZySUKmtcu1\"><span style=\"color: red;\">kliknij by zobaczy\u0107<\/span><\/a><\/h1>\n<div id=\"data\">Data utworzenia: 28 pa\u017adziernika 2017<\/div>\n<p>&nbsp;<\/p>\n<h1>Galeria - Po\u017cegnanie wakacji 2017! -<span>\u00a0<\/span><a href=\"https:\/\/photos.app.goo.gl\/QYw4Rq8bryMuJckR2\"><span style=\"color: red;\">kliknij by zobaczy\u0107<\/span><\/a><\/h1>\n<div id=\"data\">Data utworzenia: 3 wrzesie\u0144 2017<\/div>\n<p>&nbsp;<\/p>\n<h1>Galeria - Wycieczka do Starej Lubowli oraz Bardejowa -<span>\u00a0<\/span><a href=\"https:\/\/goo.gl\/photos\/D5Y5zZrVdPU4uKUz8\"><span style=\"color: red;\">kliknij by zobaczy\u0107<\/span><\/a><\/h1>\n<div id=\"data\">Data utworzenia: 11 lipiec 2017<\/div>\n<p>&nbsp;<\/p>\n<h1>Galeria - V Rodzinne Sportowe Spotkanie przy Grillu -<span>\u00a0<\/span><a href=\"https:\/\/goo.gl\/photos\/dCwH63gXVjknJLUH7\"><span style=\"color: red;\">kliknij by zobaczy\u0107<\/span><\/a><\/h1>\n<div id=\"data\">Data utworzenia: 22 czerwiec 2017<\/div>\n<p>&nbsp;<\/p>\n<h1>Galeria - \u015apiewane majowe spotkania -<span>\u00a0<\/span><a href=\"https:\/\/goo.gl\/photos\/DP3W9TLXdr8y3j4M6\"><span style=\"color: red;\">kliknij by zobaczy\u0107<\/span><\/a><\/h1>\n<div id=\"data\">Data utworzenia: 24 maj 2017<\/div>\n<p>&nbsp;<\/p>\n<h1>Galeria - Laser Tag 2017 -<span>\u00a0<\/span><a href=\"https:\/\/goo.gl\/photos\/u3GWbBZGxnbgGJDy9\"><span style=\"color: red;\">kliknij by zobaczy\u0107<\/span><\/a><\/h1>\n<div id=\"data\">Data utworzenia: 27 luty 2017<\/div>\n<p>&nbsp;<\/p>\n<h1>Galeria - Wyjazd na lodowisko -<span>\u00a0<\/span><a href=\"https:\/\/goo.gl\/photos\/HA8Dpo67j9b4EPSk9\"><span style=\"color: red;\">kliknij by zobaczy\u0107<\/span><\/a><\/h1>\n<div id=\"data\">Data utworzenia: 8 luty 2017<\/div>\n<p>&nbsp;<\/p>\n<h1>Galeria - Impreza karnawa\u0142owa -<span>\u00a0<\/span><a href=\"https:\/\/goo.gl\/photos\/56kbhWcgiLd89j8T7\"><span style=\"color: red;\">kliknij by zobaczy\u0107<\/span><\/a><\/h1>\n<div id=\"data\">Data utworzenia: 4 luty 2017<\/div>\n<p>&nbsp;<\/p>\n<h1>Galeria - Kulig w G\u0142adyszowie -<span>\u00a0<\/span><a href=\"https:\/\/photos.google.com\/share\/AF1QipO7k9CxsWXk1wZhobT7otIvSWsq03PwKYpIamBoxlXC486k7GnBUaS0XKJkaRECvw?key=NU9jTVFIR2t1cHpQYWZuRzJZZkVrRkJHMS1ndEdB\"><span style=\"color: red;\">kliknij by zobaczy\u0107<\/span><\/a><\/h1>\n<div id=\"data\">Data utworzenia: 18 stycze\u0144 2017<\/div>\n<p>&nbsp;<\/p>\n<h1>Galeria - Spotkanie andrzejkowe 2016 -<span>\u00a0<\/span><a href=\"https:\/\/photos.google.com\/share\/AF1QipNbxu3CsJQoD0ESVqG7JV-ViBFjbx-T9isRqiatJ2AR0zNGknD4ncL3HT8jiqSwwA?key=UmpEd3pqZW10aHZwZDhSN1BYbEdfMkt6MGQ2cjNn\"><span style=\"color: red;\">kliknij by zobaczy\u0107<\/span><\/a><\/h1>\n<div id=\"data\">Data utworzenia: 30 listopada 2016<\/div>\n<p>&nbsp;<\/p>\n<h1>Galeria - Wycieczka do Nowego Wi\u015bnicza -<span>\u00a0<\/span><a href=\"https:\/\/plus.google.com\/u\/0\/photos\/107830178739879163575\/albums\/6333196635034243905\"><span style=\"color: red;\">kliknij by zobaczy\u0107<\/span><\/a><\/h1>\n<div id=\"data\">Data utworzenia: 22 wrze\u015bnia 2016<\/div>\n<p>&nbsp;<\/p>\n<h1>Galeria - Grill IV - ci\u0105g dalszy! -<span>\u00a0<\/span><a href=\"https:\/\/plus.google.com\/u\/0\/photos\/107830178739879163575\/albums\/6329508833127243185\"><span style=\"color: red;\">kliknij by zobaczy\u0107<\/span><\/a><\/h1>\n<div id=\"data\">Data utworzenia: 12 wrze\u015bnia 2016<\/div>\n<p>&nbsp;<\/p>\n<h1>Galeria - Wycieczka na Podkarpacie! -<span>\u00a0<\/span><a href=\"https:\/\/plus.google.com\/photos\/107830178739879163575\/albums\/6314671391898034833\"><span style=\"color: red;\">kliknij by zobaczy\u0107<\/span><\/a><\/h1>\n<div id=\"data\">Data utworzenia: 6 sierpnia 2016<\/div>\n<p>&nbsp;<\/p>\n<h1>Galeria - IV Sportowe spokanie przy grillu!!! -<span>\u00a0<\/span><a href=\"https:\/\/www.wielopolesolectwo.pl\/galeria\/galeria_grill_4.html\"><span style=\"color: red;\">kliknij by zobaczy\u0107<\/span><\/a><\/h1>\n<div id=\"data\">Data utworzenia: 31 lipca 2016<\/div>\n<p>&nbsp;<\/p>\n<h1>Galeria - Wycieczka w Bieszczady! -<span>\u00a0<\/span><a href=\"https:\/\/plus.google.com\/photos\/107830178739879163575\/albums\/6293685522088437505\"><span style=\"color: red;\">kliknij by zobaczy\u0107<\/span><\/a><\/h1>\n<div id=\"data\">Data utworzenia: 5 czerwiec 2016<\/div>\n<p>&nbsp;<\/p>\n<h1>Galeria - Wycieczka na LaserTag -<span>\u00a0<\/span><a href=\"https:\/\/www.wielopolesolectwo.pl\/galeria\/galeria_lasertag.html\"><span style=\"color: red;\">kliknij by zobaczy\u0107<\/span><\/a><\/h1>\n<div id=\"data\">Data utworzenia: 17 luty 2016<\/div>\n<p>&nbsp;<\/p>\n<h1>Galeria - Wycieczka do Pieni\u0144skiego Parku Narodowego -<span>\u00a0<\/span><a href=\"https:\/\/www.wielopolesolectwo.pl\/galeria\/galeria_pieniny.html\"><span style=\"color: red;\">kliknij by zobaczy\u0107<\/span><\/a><\/h1>\n<div id=\"data\">Data utworzenia: 24 wrzesie\u0144 2015<\/div>\n<p>&nbsp;<\/p>\n<h1>Galeria - Po\u017cegnanie wakacji 2015! -<span>\u00a0<\/span><a href=\"https:\/\/www.wielopolesolectwo.pl\/galeria\/galeria_pozegnanie_wakacji.html\"><span style=\"color: red;\">kliknij by zobaczy\u0107<\/span><\/a><\/h1>\n<div id=\"data\">Data utworzenia: 2 wrzesie\u0144 2015<\/div>\n<p>&nbsp;<\/p>\n<h1>Galeria - Wycieczka do Trzcinicy, Biecza, Owczar i S\u0119kowej -<span>\u00a0<\/span><a href=\"https:\/\/www.wielopolesolectwo.pl\/galeria\/galeria_troja.html\"><span style=\"color: red;\">kliknij by zobaczy\u0107<\/span><\/a><\/h1>\n<div id=\"data\">Data utworzenia: 24 sierpie\u0144 2015<\/div>\n<p>&nbsp;<\/p>\n<h1>Galeria - III Sportowe spokanie przy grillu!!! -<span>\u00a0<\/span><a href=\"https:\/\/www.wielopolesolectwo.pl\/galeria\/galeria_grill_3.html\"><span style=\"color: red;\">kliknij by zobaczy\u0107<\/span><\/a><\/h1>\n<div id=\"data\">Data utworzenia: 17 lipca 2015<\/div>\n<p>&nbsp;<\/p>\n<h1>Galeria - Wyjazd do S\u0142owacji -<span>\u00a0<\/span><a href=\"https:\/\/www.wielopolesolectwo.pl\/galeria\/galeria_slowacja.html\"><span style=\"color: red;\">kliknij by zobaczy\u0107<\/span><\/a><\/h1>\n<div id=\"data\">Data utworzenia: 11 czerwca 2015<\/div>\n<p>&nbsp;<\/p>\n<h1>Galeria - Wsp\u00f3lny wyjazd na lodowisko -<span>\u00a0<\/span><a href=\"https:\/\/www.wielopolesolectwo.pl\/galeria\/galeria_lodowisko.html\"><span style=\"color: red;\">kliknij by zobaczy\u0107<\/span><\/a><\/h1>\n<div id=\"data\">Data utworzenia: 3 marzec 2015<\/div>\n<p>&nbsp;<\/p>\n<h1>Galeria - Warsztaty \"Razem osi\u0105gniemy du\u017co wi\u0119cej\" dobieg\u0142y ko\u0144ca -<span>\u00a0<\/span><a href=\"https:\/\/www.wielopolesolectwo.pl\/galeria\/galeria_warsztaty.html\"><span style=\"color: red;\">kliknij by zobaczy\u0107<\/span><\/a><\/h1>\n<div id=\"data\">Data utworzenia: 1 wrzesie\u0144 2014<\/div>\n<p>&nbsp;<\/p>\n<h1>Galeria - Wycieczka na Jab\u0142oniec, do Limanowej, Pasierbca, Szczyrzyca i na Lubogoszcz -<span>\u00a0<\/span><a href=\"https:\/\/www.wielopolesolectwo.pl\/galeria\/galeria_limanowa.html\"><span style=\"color: red;\">kliknij by zobaczy\u0107<\/span><\/a><\/h1>\n<div id=\"data\">Data utworzenia: 11 lipiec 2014<\/div>\n<p>&nbsp;<\/p>\n<h1>Galeria - Sportowe spokanie przy grillu!!! -<span>\u00a0<\/span><a href=\"https:\/\/www.wielopolesolectwo.pl\/galeria\/galeria_grill.html\"><span style=\"color: red;\">kliknij by zobaczy\u0107<\/span><\/a><\/h1>\n<div id=\"data\">Data utworzenia: 2 lipiec 2014<\/div>\n<p>&nbsp;<\/p>\n<h1>Galeria - Jaworki, W\u0105w\u00f3z Homole, Wysoka -<span>\u00a0<\/span><a href=\"https:\/\/www.wielopolesolectwo.pl\/galeria\/galeria_homole.html\"><span style=\"color: red;\">kliknij by zobaczy\u0107<\/span><\/a><\/h1>\n<div id=\"data\">Data utworzenia: 18 czerwiec 2014<\/div>\n<p>&nbsp;<\/p>\n<h1>Galeria - Wycieczka do Bobowej, K\u0105\u015bnej Dolnej i do Skamienia\u0142ego Miasta k. Ci\u0119\u017ckowic -<span>\u00a0<\/span><a href=\"https:\/\/www.wielopolesolectwo.pl\/galeria\/galeria_ciezkowice.html\"><span style=\"color: red;\">kliknij by zobaczy\u0107<\/span><\/a><\/h1>\n<div id=\"data\">Data utworzenia: 8 czerwiec 2014<\/div>\n<p>&nbsp;<\/p>\n<h1>Galeria - Wsp\u00f3lne zbieranie \u015bmieci -<span>\u00a0<\/span><a href=\"https:\/\/www.wielopolesolectwo.pl\/galeria\/galeria_smieci.html\"><span style=\"color: red;\">kliknij by zobaczy\u0107<\/span><\/a><\/h1>\n<div id=\"data\">Data utworzenia: 23 marzec 2014<\/div>\n<p>&nbsp;<\/p>\n<h1>Galeria - Warsztaty R\u0119kodzie\u0142a Wielkanocnego -<span>\u00a0<\/span><a href=\"https:\/\/www.wielopolesolectwo.pl\/galeria\/galeria_rekodzielo.html\"><span style=\"color: red;\">kliknij by zobaczy\u0107<\/span><\/a><\/h1>\n<div id=\"data\">Data utworzenia: 23 marzec 2014<\/div>\n<p>&nbsp;<\/p>\n<h1>Galeria - I Festyn Sportowy na Po\u017cegnanie Wakacji -<span>\u00a0<\/span><a href=\"https:\/\/www.wielopolesolectwo.pl\/galeria\/festyn.html\"><span style=\"color: red;\">kliknij by zobaczy\u0107<\/span><\/a><\/h1>\n<div id=\"data\">Data utworzenia: 23 wrze\u015bnia 2013<\/div>\n<p>&nbsp;<\/p>\n<h1>Galeria - Wielopole -<span>\u00a0<\/span><a href=\"https:\/\/www.wielopolesolectwo.pl\/galeria\/wielopole.html\"><span style=\"color: red;\">kliknij by zobaczy\u0107<\/span><\/a><\/h1>\n<div id=\"data\">Data utworzenia: 24 sierpnia 2013<\/div>\n<\/div><\/div>\n<\/div>\n<\/div>\n<\/div>","protected":false},"excerpt":{"rendered":"","protected":false},"author":1,"featured_media":0,"parent":0,"menu_order":0,"comment_status":"closed","ping_status":"closed","template":"","meta":{"footnotes":""},"class_list":["post-150","page","type-page","status-publish","hentry"],"_links":{"self":[{"href":"https:\/\/www.wielopolesolectwo.pl\/index.php\/wp-json\/wp\/v2\/pages\/150","targetHints":{"allow":["GET"]}}],"collection":[{"href":"https:\/\/www.wielopolesolectwo.pl\/index.php\/wp-json\/wp\/v2\/pages"}],"about":[{"href":"https:\/\/www.wielopolesolectwo.pl\/index.php\/wp-json\/wp\/v2\/types\/page"}],"author":[{"embeddable":true,"href":"https:\/\/www.wielopolesolectwo.pl\/index.php\/wp-json\/wp\/v2\/users\/1"}],"replies":[{"embeddable":true,"href":"https:\/\/www.wielopolesolectwo.pl\/index.php\/wp-json\/wp\/v2\/comments?post=150"}],"version-history":[{"count":4,"href":"https:\/\/www.wielopolesolectwo.pl\/index.php\/wp-json\/wp\/v2\/pages\/150\/revisions"}],"predecessor-version":[{"id":527,"href":"https:\/\/www.wielopolesolectwo.pl\/index.php\/wp-json\/wp\/v2\/pages\/150\/revisions\/527"}],"wp:attachment":[{"href":"https:\/\/www.wielopolesolectwo.pl\/index.php\/wp-json\/wp\/v2\/media?parent=150"}],"curies":[{"name":"wp","href":"https:\/\/api.w.org\/{rel}","templated":true}]}}