{"id":6,"date":"2025-12-03T08:57:47","date_gmt":"2025-12-03T07:57:47","guid":{"rendered":"https:\/\/www.nowa.wielopolesolectwo.pl\/?page_id=6"},"modified":"2025-12-08T08:45:22","modified_gmt":"2025-12-08T07:45:22","slug":"historia-i-polozenia","status":"publish","type":"page","link":"https:\/\/www.wielopolesolectwo.pl\/index.php\/historia-i-polozenia\/","title":{"rendered":"Historia i po\u0142o\u017cenia"},"content":{"rendered":"<div class=\"et_pb_section_0 et_pb_section et_section_regular et_block_section\">\n<div class=\"et_pb_row_0 et_pb_row et_block_row preset--module--divi-row--1558413a-cabc-43ae-aee1-915e11673859\">\n<div class=\"et_pb_column_0 et_pb_column et_pb_column_4_4 et-last-child et_block_column et_pb_css_mix_blend_mode_passthrough\">\n<div class=\"et_pb_heading_0 et_pb_heading et_pb_module et_block_module preset--module--divi-heading--90e142ce-bc18-4c52-8803-8f57fece6c4f\"><div class=\"et_pb_heading_container\"><h1 class=\"et_pb_module_header\">RYS HISTORYCZNY<\/h1><\/div><\/div>\n<\/div>\n<\/div>\n\n<div class=\"et_pb_row_1 et_pb_row et_block_row preset--module--divi-row--1558413a-cabc-43ae-aee1-915e11673859\">\n<div class=\"et_pb_column_1 et_pb_column et_pb_column_4_4 et-last-child et_flex_column et_pb_css_mix_blend_mode_passthrough\">\n<div class=\"et_pb_text_0 et_pb_text et_pb_bg_layout_light et_pb_module et_block_module preset--module--divi-text--bdb43048-1d93-4e2d-9aec-4a1d8af54ddc\"><div class=\"et_pb_text_inner\"><p><span>Miejscowo\u015b\u0107 Wielopole powi\u0105zane jest z s\u0105siedni\u0105 wsi\u0105 Wielog\u0142owy poprzez przynale\u017cno\u015b\u0107 do parafii w Wielog\u0142owach od 1318 roku (metryki od 1647 roku). Cz\u0119\u015b\u0107 wsi od 1981 roku nale\u017cy do nowoutworzonej parafii w Zabe\u0142czu.<\/span><\/p>\n<p><span>Teren Wielopola nale\u017ca\u0142 do kasztelanii s\u0105deckiej, potem z nadania kasztelan sandomierskich, a nast\u0119pnie nale\u017cy s\u0105dzi\u0107 nale\u017ca\u0142y do rodu Wielog\u0142owskich. Zar\u00f3wno D\u0105browa jak i Wielog\u0142owy by\u0142y w XVI i XVII w. ostoj\u0105 arianizmu (\"Dziewcz\u0119 z S\u0105cza\" Mieczys\u0142awa Romanowskiego). Pod koniec XIX w. a\u017c do ko\u0144ca II wojny \u015bwiatowej, wyodr\u0119bniony maj\u0105tek Wielopola nale\u017ca\u0142y do rodziny Kosterkiewicz\u00f3w. Grobowiec tego rodu znajduje si\u0119 na cmentarzu w Wieloog\u0142owach.<\/span><\/p>\n<p><span>Po przeprowadzeniu reformy rolnej, cz\u0119\u015bci\u0105 maj\u0105tku wraz z dworem (1928 r.) i zabudowaniami gospodarczymi, zarz\u0105dza\u0142y pocz\u0105tkowo PGR, a nast\u0119pnie Stacja Hodowli Ro\u015blin (w imieniu Skarbu Pa\u0144stwa). Stacja zajmowa\u0142a si\u0119 pocz\u0105tkowo hodowl\u0105 zachowawcz\u0105 ziemniak\u00f3w, nastepnie g\u0142\u00f3wnie hodowl\u0105 traw i owsa tworz\u0105c pierwsze odmiany przystosowane do uprawy w warunkach podg\u00f3rskich (\"Dukat\", \"Grajcar\", \"Cekin\", \"Celer\"). Po likwidacji Stacji maj\u0105tkiem zarz\u0105dza Agencja Nieruchomo\u015bci Rolnych.<\/span><\/p>\n<p><span>Zachowa\u0142 si\u0119 tu dawny dworski park z czytelnym uk\u0142adem trzech jar\u00f3w: aleja lipowa prowadz\u0105ca do dawnego zespo\u0142u dworskiego oraz szpaler starych d\u0119b\u00f3w w jego granicy po\u0142udniowo - zachodniej.<\/span><\/p>\n<p><span>Wie\u015b powoli tracji sw\u00f3j rolniczy charakter, blisko\u015b\u0107 miasta powoduje, \u017ce uprawia si\u0119 warzywa. Produkuje rozsady kwait\u00f3w i warzyw, owoce. Coraz wi\u0119cej powstaje nowych siedlisk. Pi\u0119kne po\u0142o\u017cenie na rozleg\u0142ym s\u0142onecznym zboczu powoduje, \u017ce ch\u0119tnie mieszka\u0144cy Nowego S\u0105cza i okolic buduj\u0105 tu swoje domy. B\u0119dzie to w niedalekiej przysz\u0142o\u015bci podmiejskie osiedle, co wymusza konieczno\u015b\u0107 pilnego inwestowania w zbiorcz\u0105 kanalizacj\u0119 i tworzenie obiekt\u00f3w sportowych, miejsc, kt\u00f3re sprzyja\u0142yby integracji nowych mieszka\u0144c\u00f3w, ich identyfikacji z miejscem zamieszkani, by Wielopole nie by\u0142o tylko sypialni\u0105 dla Nowego S\u0105cza.<\/span><\/p>\n<\/div><\/div>\n<\/div>\n<\/div>\n\n<div class=\"et_pb_row_2 et_pb_row et_block_row preset--module--divi-row--1558413a-cabc-43ae-aee1-915e11673859\">\n<div class=\"et_pb_column_2 et_pb_column et_pb_column_4_4 et-last-child et_block_column et_pb_css_mix_blend_mode_passthrough\">\n<div class=\"et_pb_heading_1 et_pb_heading et_pb_module et_block_module preset--module--divi-heading--90e142ce-bc18-4c52-8803-8f57fece6c4f\"><div class=\"et_pb_heading_container\"><h1 class=\"et_pb_module_header\">PO\u0141O\u017bENIE GEOGRAFICZNE<\/h1><\/div><\/div>\n<\/div>\n<\/div>\n\n<div class=\"et_pb_row_3 et_pb_row et_flex_row preset--module--divi-row--1558413a-cabc-43ae-aee1-915e11673859\">\n<div class=\"et_pb_column_3 et_pb_column et_flex_column et_pb_css_mix_blend_mode_passthrough et_flex_column_3_5 et_flex_column_3_5_tablet et_flex_column_24_24_phone\">\n<div class=\"et_pb_text_1 et_pb_text et_pb_bg_layout_light et_pb_module et_block_module preset--module--divi-text--bdb43048-1d93-4e2d-9aec-4a1d8af54ddc\"><div class=\"et_pb_text_inner\"><p><span>Wie\u015b le\u017cy w zachodniej cz\u0119\u015bci Beskidu Niskiego, na p\u00f3\u0142noc od Nowego S\u0105cza, na prawym brzegu Dunajca, przy drodze krajowej 75. Wsp\u00f3\u0142rz\u0119dne geograficzne wsi: 49\u00b0 39'28\"N 20\u00b0 41'49\"E.<\/span><\/p>\n<p>\u00a0<span>Wie\u015b Wielopole s\u0105siaduje z miejscowo\u015bciami od po\u0142udnia z Nowym S\u0105czem od p\u00f3\u0142nocy z so\u0142ectwem Wielog\u0142owy, od wschodu z Klimk\u00f3wk\u0105 i Na\u015bciszow\u0105, z zachodu z Rdziostowem. Po\u0142o\u017cona na prawym brzegu Dunajca, cz\u0119\u015bciowo w jego dolinie, w wi\u0119kszej cz\u0119\u015bci na po\u0142udniowym zboczu d\u0142ugiego ramienia G\u00f3ry D\u0105browskiej na Pog\u00f3rzu Ro\u017cnowsko - Ci\u0119\u017ckowickim.<\/span><\/p>\n<p><span>Gmina Che\u0142miec po\u0142o\u017cona jest w po\u0142udniowej cz\u0119\u015bci wojew\u00f3dztwa ma\u0142opolskiego w powiecie nowos\u0105deckim. Od strony zachodniej, p\u00f3\u0142nocnej i wschodniej otacza miasto Nowy S\u0105cz, odnosz\u0105c przez to wp\u0142yw na warunki zar\u00f3wno spo\u0142eczne jak i gospodarcze. Gmina, o obszarze ponad 112 km\u00b2 po\u0142o\u017cona jest w Kotlinie S\u0105deckiej, na pograniczu Beskidu Wyspowego, Beskidu Niskiego i Pog\u00f3rza Ci\u0119\u017ckowickiego. Jest to teren zwi\u0105zany z rozleg\u0142\u0105 dolin\u0105 Dunajca i przyleg\u0142ych do niej stok\u00f3w. Przez teren gminy przebiegaj\u0105 dwie drogi krajowe: Wadowice - Przemy\u015bl, Krynica - Brzesko oraz linia kolejowa Chab\u00f3wka - Nowy S\u0105cz.<\/span><\/p>\n<p>Osoby znane bardziej i mniej, kt\u00f3re odegra\u0142y wa\u017cn\u0105 rol\u0119 w historii so\u0142ectwa Wielopole:<\/p>\n<ul>\n<ul>\n<li><a href=\"https:\/\/www.wielopolesolectwo.pl\/ojciec_andrasz.html\">Ojciec J\u00f3zef Andrasz<\/a><\/li>\n<li><a href=\"https:\/\/www.wielopolesolectwo.pl\/ojciec_andrasz.html\"><\/a><a href=\"https:\/\/www.wielopolesolectwo.pl\/zygmunt_lewczuk.html\">In\u017cynier i artysta Zygmunt Lewczuk<\/a><\/li>\n<\/ul>\n<\/ul>\n<ul><\/ul>\n<\/div><\/div>\n<\/div>\n\n<div class=\"et_pb_column_4 et_pb_column et-last-child et_flex_column et_pb_css_mix_blend_mode_passthrough et_flex_column_2_5 et_flex_column_2_5_tablet et_flex_column_24_24_phone\">\n<div class=\"et_pb_image_0 et_pb_image et_pb_module et_flex_module\"><span class=\"et_pb_image_wrap\"><img loading=\"lazy\" decoding=\"async\" src=\"https:\/\/www.wielopolesolectwo.pl\/wp-content\/uploads\/2025\/12\/gmina1.png\" width=\"800\" height=\"555\" srcset=\"https:\/\/www.wielopolesolectwo.pl\/wp-content\/uploads\/2025\/12\/gmina1.png 800w, https:\/\/www.wielopolesolectwo.pl\/wp-content\/uploads\/2025\/12\/gmina1-480x333.png 480w\" sizes=\"(min-width: 0px) and (max-width: 480px) 480px, (min-width: 481px) 800px, 100vw\" class=\"wp-image-39\" \/><\/span>\n<div class=\"et_pb_text_2 et_pb_text et_pb_bg_layout_light et_pb_module et_flex_module\"><div class=\"et_pb_text_inner\"><p><b><span style=\"font-size: small;\">So\u0142ectwo Wielopole na tle gminy Che\u0142miec<\/span><\/b><\/p>\n<\/div><\/div>\n<\/div>\n<\/div>\n<\/div>\n<\/div>","protected":false},"excerpt":{"rendered":"","protected":false},"author":1,"featured_media":0,"parent":0,"menu_order":0,"comment_status":"closed","ping_status":"closed","template":"","meta":{"footnotes":""},"class_list":["post-6","page","type-page","status-publish","hentry"],"_links":{"self":[{"href":"https:\/\/www.wielopolesolectwo.pl\/index.php\/wp-json\/wp\/v2\/pages\/6","targetHints":{"allow":["GET"]}}],"collection":[{"href":"https:\/\/www.wielopolesolectwo.pl\/index.php\/wp-json\/wp\/v2\/pages"}],"about":[{"href":"https:\/\/www.wielopolesolectwo.pl\/index.php\/wp-json\/wp\/v2\/types\/page"}],"author":[{"embeddable":true,"href":"https:\/\/www.wielopolesolectwo.pl\/index.php\/wp-json\/wp\/v2\/users\/1"}],"replies":[{"embeddable":true,"href":"https:\/\/www.wielopolesolectwo.pl\/index.php\/wp-json\/wp\/v2\/comments?post=6"}],"version-history":[{"count":8,"href":"https:\/\/www.wielopolesolectwo.pl\/index.php\/wp-json\/wp\/v2\/pages\/6\/revisions"}],"predecessor-version":[{"id":532,"href":"https:\/\/www.wielopolesolectwo.pl\/index.php\/wp-json\/wp\/v2\/pages\/6\/revisions\/532"}],"wp:attachment":[{"href":"https:\/\/www.wielopolesolectwo.pl\/index.php\/wp-json\/wp\/v2\/media?parent=6"}],"curies":[{"name":"wp","href":"https:\/\/api.w.org\/{rel}","templated":true}]}}